{"id":5655,"date":"2018-04-19T05:17:19","date_gmt":"2018-04-19T05:17:19","guid":{"rendered":"https:\/\/galerijatrebnje.si\/knjiznica\/"},"modified":"2024-11-27T16:07:48","modified_gmt":"2024-11-27T14:07:48","slug":"library","status":"publish","type":"page","link":"https:\/\/galerijatrebnje.si\/en\/library\/","title":{"rendered":"Library"},"content":{"rendered":"<p><img loading=\"lazy\" decoding=\"async\" class=\"alignleft wp-image-3554 size-medium\" src=\"https:\/\/galerijatrebnje.si\/wp-content\/uploads\/2018\/04\/knjpolica-1-200x125.jpg\" alt=\"\" width=\"200\" height=\"125\" srcset=\"https:\/\/galerijatrebnje.si\/wp-content\/uploads\/2018\/04\/knjpolica-1-200x125.jpg 200w, https:\/\/galerijatrebnje.si\/wp-content\/uploads\/2018\/04\/knjpolica-1-280x174.jpg 280w, https:\/\/galerijatrebnje.si\/wp-content\/uploads\/2018\/04\/knjpolica-1.jpg 350w\" sizes=\"(max-width: 200px) 100vw, 200px\" \/><\/p>\n<p>Knji\u017enico Galerije likovnih samorastnikov Trebnje bogati ve\u010d kot 800 naslovov iz podro\u010dja naivne umetnosti Slovenije in sveta, monografski pregledi likovnih opusov posameznih avtorjev, pa tudi izvodi knjig o umetnosti in drugih temah.<\/p>\n<p>Ogled gradiva je mo\u017een samo ob predhodni najavi in v prostorih galerije.<\/p>\n<div>Najava obiska:<\/div>\n<div>e-po\u0161tni naslov:\u00a0<span id=\"cloakf7af6c344ef4ba5fea17e72bc0f226f9\"><a href=\"mailto:galerija@ciktrebnje.si\">galerija@ciktrebnje.si<\/a><\/span><\/div>\n<div>telefon: 07\/ 34 82 106 ali 031\/ 371 404 v\u00a0<a href=\"https:\/\/galerijatrebnje.si\/index.php\/sl\/kontakti\" target=\"_blank\" rel=\"noopener\">delovnem \u010dasu galerije<\/a>.<\/div>\n","protected":false},"excerpt":{"rendered":"<p>Knji\u017enico Galerije likovnih samorastnikov Trebnje bogati ve\u010d kot 800 naslovov iz podro\u010dja naivne umetnosti Slovenije in sveta, monografski pregledi likovnih opusov posameznih avtorjev, pa tudi izvodi knjig o umetnosti in drugih temah. Ogled gradiva je mo\u017een samo ob predhodni najavi in v prostorih galerije. Najava obiska: e-po\u0161tni naslov:\u00a0galerija@ciktrebnje.si telefon: 07\/ 34 82 106 ali 031\/<\/p>\n","protected":false},"author":1,"featured_media":0,"parent":0,"menu_order":0,"comment_status":"closed","ping_status":"closed","template":"","meta":{"footnotes":""},"yoast_head":"<!-- This site is optimized with the Yoast SEO plugin v24.5 - https:\/\/yoast.com\/wordpress\/plugins\/seo\/ -->\n<title>Library - Galerija likovnih samorastnikov Trebnje<\/title>\n<meta name=\"robots\" content=\"index, follow, max-snippet:-1, max-image-preview:large, max-video-preview:-1\" \/>\n<link rel=\"canonical\" href=\"https:\/\/galerijatrebnje.si\/knjiznica\/\" \/>\n<meta property=\"og:locale\" content=\"en_US\" \/>\n<meta property=\"og:type\" content=\"article\" \/>\n<meta property=\"og:title\" content=\"Library - Galerija likovnih samorastnikov Trebnje\" \/>\n<meta property=\"og:description\" content=\"Knji\u017enico Galerije likovnih samorastnikov Trebnje bogati ve\u010d kot 800 naslovov iz podro\u010dja naivne umetnosti Slovenije in sveta, monografski pregledi likovnih opusov posameznih avtorjev, pa tudi izvodi knjig o umetnosti in drugih temah. Ogled gradiva je mo\u017een samo ob predhodni najavi in v prostorih galerije. Najava obiska: e-po\u0161tni naslov:\u00a0galerija@ciktrebnje.si telefon: 07\/ 34 82 106 ali 031\/\" \/>\n<meta property=\"og:url\" content=\"https:\/\/galerijatrebnje.si\/knjiznica\/\" \/>\n<meta property=\"og:site_name\" content=\"Galerija likovnih samorastnikov Trebnje\" \/>\n<meta property=\"article:modified_time\" content=\"2024-11-27T14:07:48+00:00\" \/>\n<meta property=\"og:image\" content=\"https:\/\/galerijatrebnje.si\/wp-content\/uploads\/2018\/04\/knjpolica-1.jpg\" \/>\n\t<meta property=\"og:image:width\" content=\"350\" \/>\n\t<meta property=\"og:image:height\" content=\"218\" \/>\n\t<meta property=\"og:image:type\" content=\"image\/jpeg\" \/>\n<meta name=\"twitter:card\" content=\"summary_large_image\" \/>\n<script type=\"application\/ld+json\" class=\"yoast-schema-graph\">{\"@context\":\"https:\/\/schema.org\",\"@graph\":[{\"@type\":\"WebPage\",\"@id\":\"https:\/\/galerijatrebnje.si\/knjiznica\/\",\"url\":\"https:\/\/galerijatrebnje.si\/knjiznica\/\",\"name\":\"Library - Galerija likovnih samorastnikov Trebnje\",\"isPartOf\":{\"@id\":\"https:\/\/galerijatrebnje.si\/#website\"},\"primaryImageOfPage\":{\"@id\":\"https:\/\/galerijatrebnje.si\/knjiznica\/#primaryimage\"},\"image\":{\"@id\":\"https:\/\/galerijatrebnje.si\/knjiznica\/#primaryimage\"},\"thumbnailUrl\":\"https:\/\/galerijatrebnje.si\/wp-content\/uploads\/2018\/04\/knjpolica-1-200x125.jpg\",\"datePublished\":\"2018-04-19T05:17:19+00:00\",\"dateModified\":\"2024-11-27T14:07:48+00:00\",\"breadcrumb\":{\"@id\":\"https:\/\/galerijatrebnje.si\/knjiznica\/#breadcrumb\"},\"inLanguage\":\"en-US\",\"potentialAction\":[{\"@type\":\"ReadAction\",\"target\":[\"https:\/\/galerijatrebnje.si\/knjiznica\/\"]}]},{\"@type\":\"ImageObject\",\"inLanguage\":\"en-US\",\"@id\":\"https:\/\/galerijatrebnje.si\/knjiznica\/#primaryimage\",\"url\":\"https:\/\/galerijatrebnje.si\/wp-content\/uploads\/2018\/04\/knjpolica-1-200x125.jpg\",\"contentUrl\":\"https:\/\/galerijatrebnje.si\/wp-content\/uploads\/2018\/04\/knjpolica-1-200x125.jpg\"},{\"@type\":\"BreadcrumbList\",\"@id\":\"https:\/\/galerijatrebnje.si\/knjiznica\/#breadcrumb\",\"itemListElement\":[{\"@type\":\"ListItem\",\"position\":1,\"name\":\"Home\",\"item\":\"https:\/\/galerijatrebnje.si\/en\/\"},{\"@type\":\"ListItem\",\"position\":2,\"name\":\"Library\"}]},{\"@type\":\"WebSite\",\"@id\":\"https:\/\/galerijatrebnje.si\/#website\",\"url\":\"https:\/\/galerijatrebnje.si\/\",\"name\":\"Galerija likovnih samorastnikov Trebnje\",\"description\":\"\",\"potentialAction\":[{\"@type\":\"SearchAction\",\"target\":{\"@type\":\"EntryPoint\",\"urlTemplate\":\"https:\/\/galerijatrebnje.si\/?s={search_term_string}\"},\"query-input\":{\"@type\":\"PropertyValueSpecification\",\"valueRequired\":true,\"valueName\":\"search_term_string\"}}],\"inLanguage\":\"en-US\"}]}<\/script>\n<!-- \/ Yoast SEO plugin. -->","yoast_head_json":{"title":"Library - Galerija likovnih samorastnikov Trebnje","robots":{"index":"index","follow":"follow","max-snippet":"max-snippet:-1","max-image-preview":"max-image-preview:large","max-video-preview":"max-video-preview:-1"},"canonical":"https:\/\/galerijatrebnje.si\/knjiznica\/","og_locale":"en_US","og_type":"article","og_title":"Library - Galerija likovnih samorastnikov Trebnje","og_description":"Knji\u017enico Galerije likovnih samorastnikov Trebnje bogati ve\u010d kot 800 naslovov iz podro\u010dja naivne umetnosti Slovenije in sveta, monografski pregledi likovnih opusov posameznih avtorjev, pa tudi izvodi knjig o umetnosti in drugih temah. Ogled gradiva je mo\u017een samo ob predhodni najavi in v prostorih galerije. Najava obiska: e-po\u0161tni naslov:\u00a0galerija@ciktrebnje.si telefon: 07\/ 34 82 106 ali 031\/","og_url":"https:\/\/galerijatrebnje.si\/knjiznica\/","og_site_name":"Galerija likovnih samorastnikov Trebnje","article_modified_time":"2024-11-27T14:07:48+00:00","og_image":[{"width":350,"height":218,"url":"https:\/\/galerijatrebnje.si\/wp-content\/uploads\/2018\/04\/knjpolica-1.jpg","type":"image\/jpeg"}],"twitter_card":"summary_large_image","schema":{"@context":"https:\/\/schema.org","@graph":[{"@type":"WebPage","@id":"https:\/\/galerijatrebnje.si\/knjiznica\/","url":"https:\/\/galerijatrebnje.si\/knjiznica\/","name":"Library - Galerija likovnih samorastnikov Trebnje","isPartOf":{"@id":"https:\/\/galerijatrebnje.si\/#website"},"primaryImageOfPage":{"@id":"https:\/\/galerijatrebnje.si\/knjiznica\/#primaryimage"},"image":{"@id":"https:\/\/galerijatrebnje.si\/knjiznica\/#primaryimage"},"thumbnailUrl":"https:\/\/galerijatrebnje.si\/wp-content\/uploads\/2018\/04\/knjpolica-1-200x125.jpg","datePublished":"2018-04-19T05:17:19+00:00","dateModified":"2024-11-27T14:07:48+00:00","breadcrumb":{"@id":"https:\/\/galerijatrebnje.si\/knjiznica\/#breadcrumb"},"inLanguage":"en-US","potentialAction":[{"@type":"ReadAction","target":["https:\/\/galerijatrebnje.si\/knjiznica\/"]}]},{"@type":"ImageObject","inLanguage":"en-US","@id":"https:\/\/galerijatrebnje.si\/knjiznica\/#primaryimage","url":"https:\/\/galerijatrebnje.si\/wp-content\/uploads\/2018\/04\/knjpolica-1-200x125.jpg","contentUrl":"https:\/\/galerijatrebnje.si\/wp-content\/uploads\/2018\/04\/knjpolica-1-200x125.jpg"},{"@type":"BreadcrumbList","@id":"https:\/\/galerijatrebnje.si\/knjiznica\/#breadcrumb","itemListElement":[{"@type":"ListItem","position":1,"name":"Home","item":"https:\/\/galerijatrebnje.si\/en\/"},{"@type":"ListItem","position":2,"name":"Library"}]},{"@type":"WebSite","@id":"https:\/\/galerijatrebnje.si\/#website","url":"https:\/\/galerijatrebnje.si\/","name":"Galerija likovnih samorastnikov Trebnje","description":"","potentialAction":[{"@type":"SearchAction","target":{"@type":"EntryPoint","urlTemplate":"https:\/\/galerijatrebnje.si\/?s={search_term_string}"},"query-input":{"@type":"PropertyValueSpecification","valueRequired":true,"valueName":"search_term_string"}}],"inLanguage":"en-US"}]}},"_links":{"self":[{"href":"https:\/\/galerijatrebnje.si\/en\/wp-json\/wp\/v2\/pages\/5655"}],"collection":[{"href":"https:\/\/galerijatrebnje.si\/en\/wp-json\/wp\/v2\/pages"}],"about":[{"href":"https:\/\/galerijatrebnje.si\/en\/wp-json\/wp\/v2\/types\/page"}],"author":[{"embeddable":true,"href":"https:\/\/galerijatrebnje.si\/en\/wp-json\/wp\/v2\/users\/1"}],"replies":[{"embeddable":true,"href":"https:\/\/galerijatrebnje.si\/en\/wp-json\/wp\/v2\/comments?post=5655"}],"version-history":[{"count":5,"href":"https:\/\/galerijatrebnje.si\/en\/wp-json\/wp\/v2\/pages\/5655\/revisions"}],"predecessor-version":[{"id":14056,"href":"https:\/\/galerijatrebnje.si\/en\/wp-json\/wp\/v2\/pages\/5655\/revisions\/14056"}],"wp:attachment":[{"href":"https:\/\/galerijatrebnje.si\/en\/wp-json\/wp\/v2\/media?parent=5655"}],"curies":[{"name":"wp","href":"https:\/\/api.w.org\/{rel}","templated":true}]}}