{"id":5658,"date":"2018-04-19T05:08:09","date_gmt":"2018-04-19T05:08:09","guid":{"rendered":"https:\/\/galerijatrebnje.si\/pedagoski-program\/"},"modified":"2024-11-27T16:13:13","modified_gmt":"2024-11-27T14:13:13","slug":"education","status":"publish","type":"page","link":"https:\/\/galerijatrebnje.si\/en\/education\/","title":{"rendered":"Education"},"content":{"rendered":"<p>Pedago\u0161ki program Galerije likovnih samorastnikov Trebnje je namenjen pred\u0161olski in \u0161olski mladini ter odraslim. Z njim \u017eelimo umetnost pribli\u017eati razli\u010dnim starostnim skupinam, ki skozi igro, \u010dutenje in ustvarjanje spoznavajo kulturo in naivno umetnost.<\/p>\n<p>Vsako \u0161olsko leto za otroke in mladino pripravimo pester nabor programov, ki se jih lahko udele\u017eijo sami ali v sklopu \u0161olskih vsebin.\u00a0<a href=\"https:\/\/galerijatrebnje.si\/category\/pedagoski-program-in-delavnice\/za-otroke-in-mladino\/#\" target=\"_blank\" rel=\"noopener\">Tukaj<\/a>\u00a0lahko podrobneje spoznate programe.<\/p>\n<p>Nismo pa pozabili niti na odrasle, ki se nam lahko pridru\u017eijo na razli\u010dnih\u00a0<a href=\"https:\/\/galerijatrebnje.si\/category\/pedagoski-program-in-delavnice\/za-odrasle\/\">predavanjih in predstavitvah<\/a>.<\/p>\n<p><strong>Napoved obiska:<\/strong><\/p>\n<p>Ve\u010djim skupinam priporo\u010damo, da svoj obisk napovejo.<\/p>\n<div>To lahko storite na<\/div>\n<div>e-po\u0161tni naslov:\u00a0<span id=\"cloakc4b687363ae8c869a60c529a0bbc4d99\"><a href=\"mailto:galerija@ciktrebnje.si\">galerija@ciktrebnje.si<\/a><\/span><\/div>\n<div>telefon: 07\/ 34 82 106 ali 031\/ 371 404 v\u00a0<a href=\"https:\/\/galerijatrebnje.si\/en\/contact\/\" target=\"_blank\" rel=\"noopener\">delovnem \u010dasu galerije<\/a>.<\/div>\n","protected":false},"excerpt":{"rendered":"<p>Pedago\u0161ki program Galerije likovnih samorastnikov Trebnje je namenjen pred\u0161olski in \u0161olski mladini ter odraslim. Z njim \u017eelimo umetnost pribli\u017eati razli\u010dnim starostnim skupinam, ki skozi igro, \u010dutenje in ustvarjanje spoznavajo kulturo in naivno umetnost. Vsako \u0161olsko leto za otroke in mladino pripravimo pester nabor programov, ki se jih lahko udele\u017eijo sami ali v sklopu \u0161olskih vsebin.\u00a0Tukaj\u00a0lahko<\/p>\n","protected":false},"author":1,"featured_media":0,"parent":0,"menu_order":0,"comment_status":"closed","ping_status":"closed","template":"","meta":{"footnotes":""},"yoast_head":"<!-- This site is optimized with the Yoast SEO plugin v24.5 - https:\/\/yoast.com\/wordpress\/plugins\/seo\/ -->\n<title>Education - Galerija likovnih samorastnikov Trebnje<\/title>\n<meta name=\"robots\" content=\"index, follow, max-snippet:-1, max-image-preview:large, max-video-preview:-1\" \/>\n<link rel=\"canonical\" href=\"https:\/\/galerijatrebnje.si\/en\/education\/\" \/>\n<meta property=\"og:locale\" content=\"en_US\" \/>\n<meta property=\"og:type\" content=\"article\" \/>\n<meta property=\"og:title\" content=\"Education - Galerija likovnih samorastnikov Trebnje\" \/>\n<meta property=\"og:description\" content=\"Pedago\u0161ki program Galerije likovnih samorastnikov Trebnje je namenjen pred\u0161olski in \u0161olski mladini ter odraslim. Z njim \u017eelimo umetnost pribli\u017eati razli\u010dnim starostnim skupinam, ki skozi igro, \u010dutenje in ustvarjanje spoznavajo kulturo in naivno umetnost. Vsako \u0161olsko leto za otroke in mladino pripravimo pester nabor programov, ki se jih lahko udele\u017eijo sami ali v sklopu \u0161olskih vsebin.\u00a0Tukaj\u00a0lahko\" \/>\n<meta property=\"og:url\" content=\"https:\/\/galerijatrebnje.si\/en\/education\/\" \/>\n<meta property=\"og:site_name\" content=\"Galerija likovnih samorastnikov Trebnje\" \/>\n<meta property=\"article:modified_time\" content=\"2024-11-27T14:13:13+00:00\" \/>\n<meta name=\"twitter:card\" content=\"summary_large_image\" \/>\n<meta name=\"twitter:label1\" content=\"Est. reading time\" \/>\n\t<meta name=\"twitter:data1\" content=\"1 minute\" \/>\n<script type=\"application\/ld+json\" class=\"yoast-schema-graph\">{\"@context\":\"https:\/\/schema.org\",\"@graph\":[{\"@type\":\"WebPage\",\"@id\":\"https:\/\/galerijatrebnje.si\/en\/education\/\",\"url\":\"https:\/\/galerijatrebnje.si\/en\/education\/\",\"name\":\"Education - Galerija likovnih samorastnikov Trebnje\",\"isPartOf\":{\"@id\":\"https:\/\/galerijatrebnje.si\/#website\"},\"datePublished\":\"2018-04-19T05:08:09+00:00\",\"dateModified\":\"2024-11-27T14:13:13+00:00\",\"breadcrumb\":{\"@id\":\"https:\/\/galerijatrebnje.si\/en\/education\/#breadcrumb\"},\"inLanguage\":\"en-US\",\"potentialAction\":[{\"@type\":\"ReadAction\",\"target\":[\"https:\/\/galerijatrebnje.si\/en\/education\/\"]}]},{\"@type\":\"BreadcrumbList\",\"@id\":\"https:\/\/galerijatrebnje.si\/en\/education\/#breadcrumb\",\"itemListElement\":[{\"@type\":\"ListItem\",\"position\":1,\"name\":\"Home\",\"item\":\"https:\/\/galerijatrebnje.si\/en\/\"},{\"@type\":\"ListItem\",\"position\":2,\"name\":\"Education\"}]},{\"@type\":\"WebSite\",\"@id\":\"https:\/\/galerijatrebnje.si\/#website\",\"url\":\"https:\/\/galerijatrebnje.si\/\",\"name\":\"Galerija likovnih samorastnikov Trebnje\",\"description\":\"\",\"potentialAction\":[{\"@type\":\"SearchAction\",\"target\":{\"@type\":\"EntryPoint\",\"urlTemplate\":\"https:\/\/galerijatrebnje.si\/?s={search_term_string}\"},\"query-input\":{\"@type\":\"PropertyValueSpecification\",\"valueRequired\":true,\"valueName\":\"search_term_string\"}}],\"inLanguage\":\"en-US\"}]}<\/script>\n<!-- \/ Yoast SEO plugin. -->","yoast_head_json":{"title":"Education - Galerija likovnih samorastnikov Trebnje","robots":{"index":"index","follow":"follow","max-snippet":"max-snippet:-1","max-image-preview":"max-image-preview:large","max-video-preview":"max-video-preview:-1"},"canonical":"https:\/\/galerijatrebnje.si\/en\/education\/","og_locale":"en_US","og_type":"article","og_title":"Education - Galerija likovnih samorastnikov Trebnje","og_description":"Pedago\u0161ki program Galerije likovnih samorastnikov Trebnje je namenjen pred\u0161olski in \u0161olski mladini ter odraslim. Z njim \u017eelimo umetnost pribli\u017eati razli\u010dnim starostnim skupinam, ki skozi igro, \u010dutenje in ustvarjanje spoznavajo kulturo in naivno umetnost. Vsako \u0161olsko leto za otroke in mladino pripravimo pester nabor programov, ki se jih lahko udele\u017eijo sami ali v sklopu \u0161olskih vsebin.\u00a0Tukaj\u00a0lahko","og_url":"https:\/\/galerijatrebnje.si\/en\/education\/","og_site_name":"Galerija likovnih samorastnikov Trebnje","article_modified_time":"2024-11-27T14:13:13+00:00","twitter_card":"summary_large_image","twitter_misc":{"Est. reading time":"1 minute"},"schema":{"@context":"https:\/\/schema.org","@graph":[{"@type":"WebPage","@id":"https:\/\/galerijatrebnje.si\/en\/education\/","url":"https:\/\/galerijatrebnje.si\/en\/education\/","name":"Education - Galerija likovnih samorastnikov Trebnje","isPartOf":{"@id":"https:\/\/galerijatrebnje.si\/#website"},"datePublished":"2018-04-19T05:08:09+00:00","dateModified":"2024-11-27T14:13:13+00:00","breadcrumb":{"@id":"https:\/\/galerijatrebnje.si\/en\/education\/#breadcrumb"},"inLanguage":"en-US","potentialAction":[{"@type":"ReadAction","target":["https:\/\/galerijatrebnje.si\/en\/education\/"]}]},{"@type":"BreadcrumbList","@id":"https:\/\/galerijatrebnje.si\/en\/education\/#breadcrumb","itemListElement":[{"@type":"ListItem","position":1,"name":"Home","item":"https:\/\/galerijatrebnje.si\/en\/"},{"@type":"ListItem","position":2,"name":"Education"}]},{"@type":"WebSite","@id":"https:\/\/galerijatrebnje.si\/#website","url":"https:\/\/galerijatrebnje.si\/","name":"Galerija likovnih samorastnikov Trebnje","description":"","potentialAction":[{"@type":"SearchAction","target":{"@type":"EntryPoint","urlTemplate":"https:\/\/galerijatrebnje.si\/?s={search_term_string}"},"query-input":{"@type":"PropertyValueSpecification","valueRequired":true,"valueName":"search_term_string"}}],"inLanguage":"en-US"}]}},"_links":{"self":[{"href":"https:\/\/galerijatrebnje.si\/en\/wp-json\/wp\/v2\/pages\/5658"}],"collection":[{"href":"https:\/\/galerijatrebnje.si\/en\/wp-json\/wp\/v2\/pages"}],"about":[{"href":"https:\/\/galerijatrebnje.si\/en\/wp-json\/wp\/v2\/types\/page"}],"author":[{"embeddable":true,"href":"https:\/\/galerijatrebnje.si\/en\/wp-json\/wp\/v2\/users\/1"}],"replies":[{"embeddable":true,"href":"https:\/\/galerijatrebnje.si\/en\/wp-json\/wp\/v2\/comments?post=5658"}],"version-history":[{"count":5,"href":"https:\/\/galerijatrebnje.si\/en\/wp-json\/wp\/v2\/pages\/5658\/revisions"}],"predecessor-version":[{"id":14060,"href":"https:\/\/galerijatrebnje.si\/en\/wp-json\/wp\/v2\/pages\/5658\/revisions\/14060"}],"wp:attachment":[{"href":"https:\/\/galerijatrebnje.si\/en\/wp-json\/wp\/v2\/media?parent=5658"}],"curies":[{"name":"wp","href":"https:\/\/api.w.org\/{rel}","templated":true}]}}