{"id":5706,"date":"2018-02-15T15:54:17","date_gmt":"2018-02-15T15:54:17","guid":{"rendered":"https:\/\/galerijatrebnje.si\/exhibitions-and-events\/stalna-razstava\/"},"modified":"2024-11-26T13:07:27","modified_gmt":"2024-11-26T11:07:27","slug":"permanent-exhibition","status":"publish","type":"page","link":"https:\/\/galerijatrebnje.si\/en\/exhibitions-and-events\/permanent-exhibition\/","title":{"rendered":"Permanent exhibition"},"content":{"rendered":"<p>The Trebnje Gallery of Self-Reliant Artists is the largest and only gallery in Slovenia that systematically collects, studies and exhibits the works of naive or self-reliant artists. It offers a unique collection of art works that have been created in parallel and in the shadow of &#8220;official&#8221; art production from the 1950s to the present day.<\/p>\n<p>The entire collection comprises around 1500 works of art. Apart from individual donations, most of the works were created at the International Fine Art Self-Reliance Camps Trebnje (1968), which, with its tradition of more than half a century, is a special event in the European space. A visit to the permanent collection offers a glimpse into bygone times of village life in different parts of the world, into idyllic, surreal dream worlds, right up to contemporary questions about the meaning of life.<\/p>\n<p>The permanent exhibition presents a selection of artworks by local and international self-taught artists from the mid-20th century to the present day. It is arranged according to the geographical origin of the artists and at the same time in chronological order from the oldest to the most contemporary representatives. It is divided into:<\/p>\n<ul>\n<li><strong>green <\/strong>room: Slovenia<\/li>\n<li><strong>brown<\/strong> room: Croatia, Serbia, Bosnia and Herzegovina, Macedonia<\/li>\n<li><strong>blue<\/strong> room: Rest of the world<\/li>\n<\/ul>\n<p>&nbsp;<\/p>\n<h3>Slovenia<\/h3>\n<p>The beginnings of self-growth in Slovenia date back to the 1950s, with a few early exceptions. Individual artists come from different social backgrounds, which influence their personal artistic language as well as their pictorial motivation.<\/p>\n<p>The first part presents the pioneers of Slovenian naive or self-fashioning: Viktor Magyar, Anton Repnik, Polde Miheli\u010d, Jo\u017ee Peternelj, Konrad Peternelj, Anton Plemelj, Jo\u017ee Horvat &#8211; Jaki and Greta Pe\u010dnik. In the second part are the most numerous representatives of the middle generation from the 1960s and 1970s, and finally the contemporary representatives of self-founded art in Slovenia.<\/p>\n<p><img loading=\"lazy\" decoding=\"async\" class=\"alignnone wp-image-13632\" src=\"https:\/\/galerijatrebnje.si\/wp-content\/uploads\/2017\/10\/IMG_4151-scaled.jpg\" alt=\"\" width=\"500\" height=\"333\" srcset=\"https:\/\/galerijatrebnje.si\/wp-content\/uploads\/2017\/10\/IMG_4151-scaled.jpg 1920w, https:\/\/galerijatrebnje.si\/wp-content\/uploads\/2017\/10\/IMG_4151-200x133.jpg 200w, https:\/\/galerijatrebnje.si\/wp-content\/uploads\/2017\/10\/IMG_4151-1024x683.jpg 1024w, https:\/\/galerijatrebnje.si\/wp-content\/uploads\/2017\/10\/IMG_4151-768x512.jpg 768w, https:\/\/galerijatrebnje.si\/wp-content\/uploads\/2017\/10\/IMG_4151-1536x1024.jpg 1536w, https:\/\/galerijatrebnje.si\/wp-content\/uploads\/2017\/10\/IMG_4151-2048x1365.jpg 2048w, https:\/\/galerijatrebnje.si\/wp-content\/uploads\/2017\/10\/IMG_4151-280x187.jpg 280w, https:\/\/galerijatrebnje.si\/wp-content\/uploads\/2017\/10\/IMG_4151-1170x780.jpg 1170w\" sizes=\"(max-width: 500px) 100vw, 500px\" \/><\/p>\n<h3>Croatia, Bosnia and Herzegovina, Serbia, Macedonia<\/h3>\n<p>In the area of the former Yugoslavia, after the Second World War, there was a flowering of creativity of self-taught or naive artists. Several centres of naive art emerged, including Hlebine, Zagreb, Kova\u010dica, Jagodina, Uzdina, \u0160id, Zlastar and Sanjski most, in addition to Trebnje. In Croatia, naive art was founded in the so-called Hlebina school with the distinctive painting technique of painting on the back of glass. In addition to numerous representatives of the classical naive, the exhibition also presents representatives of the younger generation of self-taught artists in this field, with a different, contemporary artistic language.<\/p>\n<p><img loading=\"lazy\" decoding=\"async\" class=\"alignnone wp-image-13634\" src=\"https:\/\/galerijatrebnje.si\/wp-content\/uploads\/2017\/10\/IMG_4190-scaled.jpg\" alt=\"\" width=\"500\" height=\"333\" srcset=\"https:\/\/galerijatrebnje.si\/wp-content\/uploads\/2017\/10\/IMG_4190-scaled.jpg 1920w, https:\/\/galerijatrebnje.si\/wp-content\/uploads\/2017\/10\/IMG_4190-200x133.jpg 200w, https:\/\/galerijatrebnje.si\/wp-content\/uploads\/2017\/10\/IMG_4190-1024x683.jpg 1024w, https:\/\/galerijatrebnje.si\/wp-content\/uploads\/2017\/10\/IMG_4190-768x512.jpg 768w, https:\/\/galerijatrebnje.si\/wp-content\/uploads\/2017\/10\/IMG_4190-1536x1024.jpg 1536w, https:\/\/galerijatrebnje.si\/wp-content\/uploads\/2017\/10\/IMG_4190-2048x1365.jpg 2048w, https:\/\/galerijatrebnje.si\/wp-content\/uploads\/2017\/10\/IMG_4190-280x187.jpg 280w, https:\/\/galerijatrebnje.si\/wp-content\/uploads\/2017\/10\/IMG_4190-1170x780.jpg 1170w\" sizes=\"(max-width: 500px) 100vw, 500px\" \/><\/p>\n<h3>Other Europe and the world<\/h3>\n<p>Naive or self-created art is developed all over the world, as evidenced by the numerous galleries and museums dedicated to this type of art. Artists in each country share common characteristics, from typical landscapes, colouring and motifs, as they draw on their local traditions and the world around them to create their work. In the countries of South and North America, in particular, there is, in addition to the above-mentioned elements, a mix of indigenous and immigrant traditions, as well as elements of different religions and races.<\/p>\n<p><img loading=\"lazy\" decoding=\"async\" class=\"alignnone wp-image-13640\" src=\"https:\/\/galerijatrebnje.si\/wp-content\/uploads\/2017\/10\/IMG_4171-scaled.jpg\" alt=\"\" width=\"500\" height=\"333\" srcset=\"https:\/\/galerijatrebnje.si\/wp-content\/uploads\/2017\/10\/IMG_4171-scaled.jpg 1920w, https:\/\/galerijatrebnje.si\/wp-content\/uploads\/2017\/10\/IMG_4171-200x133.jpg 200w, https:\/\/galerijatrebnje.si\/wp-content\/uploads\/2017\/10\/IMG_4171-1024x683.jpg 1024w, https:\/\/galerijatrebnje.si\/wp-content\/uploads\/2017\/10\/IMG_4171-768x512.jpg 768w, https:\/\/galerijatrebnje.si\/wp-content\/uploads\/2017\/10\/IMG_4171-1536x1024.jpg 1536w, https:\/\/galerijatrebnje.si\/wp-content\/uploads\/2017\/10\/IMG_4171-2048x1365.jpg 2048w, https:\/\/galerijatrebnje.si\/wp-content\/uploads\/2017\/10\/IMG_4171-280x187.jpg 280w, https:\/\/galerijatrebnje.si\/wp-content\/uploads\/2017\/10\/IMG_4171-1170x780.jpg 1170w\" sizes=\"(max-width: 500px) 100vw, 500px\" \/><\/p>\n<h6>Photo by: Alenka Lamov\u0161ek<\/h6>\n<p>&nbsp;<\/p>\n","protected":false},"excerpt":{"rendered":"<p>The Trebnje Gallery of Self-Reliant Artists is the largest and only gallery in Slovenia that systematically collects, studies and exhibits the works of naive or self-reliant artists. It offers a unique collection of art works that have been created in parallel and in the shadow of &#8220;official&#8221; art production from the 1950s to the present<\/p>\n","protected":false},"author":1,"featured_media":0,"parent":5698,"menu_order":0,"comment_status":"closed","ping_status":"closed","template":"","meta":{"footnotes":""},"yoast_head":"<!-- This site is optimized with the Yoast SEO plugin v24.5 - https:\/\/yoast.com\/wordpress\/plugins\/seo\/ -->\n<title>Permanent exhibition - Galerija likovnih samorastnikov Trebnje<\/title>\n<meta name=\"robots\" content=\"index, follow, max-snippet:-1, max-image-preview:large, max-video-preview:-1\" \/>\n<link rel=\"canonical\" href=\"https:\/\/galerijatrebnje.si\/en\/exhibitions-and-events\/permanent-exhibition\/\" \/>\n<meta property=\"og:locale\" content=\"en_US\" \/>\n<meta property=\"og:type\" content=\"article\" \/>\n<meta property=\"og:title\" content=\"Permanent exhibition - Galerija likovnih samorastnikov Trebnje\" \/>\n<meta property=\"og:description\" content=\"The Trebnje Gallery of Self-Reliant Artists is the largest and only gallery in Slovenia that systematically collects, studies and exhibits the works of naive or self-reliant artists. It offers a unique collection of art works that have been created in parallel and in the shadow of &#8220;official&#8221; art production from the 1950s to the present\" \/>\n<meta property=\"og:url\" content=\"https:\/\/galerijatrebnje.si\/en\/exhibitions-and-events\/permanent-exhibition\/\" \/>\n<meta property=\"og:site_name\" content=\"Galerija likovnih samorastnikov Trebnje\" \/>\n<meta property=\"article:modified_time\" content=\"2024-11-26T11:07:27+00:00\" \/>\n<meta property=\"og:image\" content=\"https:\/\/galerijatrebnje.si\/wp-content\/uploads\/2017\/10\/IMG_4151-scaled.jpg\" \/>\n\t<meta property=\"og:image:width\" content=\"1920\" \/>\n\t<meta property=\"og:image:height\" content=\"1280\" \/>\n\t<meta property=\"og:image:type\" content=\"image\/jpeg\" \/>\n<meta name=\"twitter:card\" content=\"summary_large_image\" \/>\n<meta name=\"twitter:label1\" content=\"Est. reading time\" \/>\n\t<meta name=\"twitter:data1\" content=\"3 minutes\" \/>\n<script type=\"application\/ld+json\" class=\"yoast-schema-graph\">{\"@context\":\"https:\/\/schema.org\",\"@graph\":[{\"@type\":\"WebPage\",\"@id\":\"https:\/\/galerijatrebnje.si\/en\/exhibitions-and-events\/permanent-exhibition\/\",\"url\":\"https:\/\/galerijatrebnje.si\/en\/exhibitions-and-events\/permanent-exhibition\/\",\"name\":\"Permanent exhibition - Galerija likovnih samorastnikov Trebnje\",\"isPartOf\":{\"@id\":\"https:\/\/galerijatrebnje.si\/#website\"},\"primaryImageOfPage\":{\"@id\":\"https:\/\/galerijatrebnje.si\/en\/exhibitions-and-events\/permanent-exhibition\/#primaryimage\"},\"image\":{\"@id\":\"https:\/\/galerijatrebnje.si\/en\/exhibitions-and-events\/permanent-exhibition\/#primaryimage\"},\"thumbnailUrl\":\"https:\/\/galerijatrebnje.si\/wp-content\/uploads\/2017\/10\/IMG_4151-scaled.jpg\",\"datePublished\":\"2018-02-15T15:54:17+00:00\",\"dateModified\":\"2024-11-26T11:07:27+00:00\",\"breadcrumb\":{\"@id\":\"https:\/\/galerijatrebnje.si\/en\/exhibitions-and-events\/permanent-exhibition\/#breadcrumb\"},\"inLanguage\":\"en-US\",\"potentialAction\":[{\"@type\":\"ReadAction\",\"target\":[\"https:\/\/galerijatrebnje.si\/en\/exhibitions-and-events\/permanent-exhibition\/\"]}]},{\"@type\":\"ImageObject\",\"inLanguage\":\"en-US\",\"@id\":\"https:\/\/galerijatrebnje.si\/en\/exhibitions-and-events\/permanent-exhibition\/#primaryimage\",\"url\":\"https:\/\/galerijatrebnje.si\/wp-content\/uploads\/2017\/10\/IMG_4151-scaled.jpg\",\"contentUrl\":\"https:\/\/galerijatrebnje.si\/wp-content\/uploads\/2017\/10\/IMG_4151-scaled.jpg\"},{\"@type\":\"BreadcrumbList\",\"@id\":\"https:\/\/galerijatrebnje.si\/en\/exhibitions-and-events\/permanent-exhibition\/#breadcrumb\",\"itemListElement\":[{\"@type\":\"ListItem\",\"position\":1,\"name\":\"Home\",\"item\":\"https:\/\/galerijatrebnje.si\/en\/\"},{\"@type\":\"ListItem\",\"position\":2,\"name\":\"Exhibitions and events\",\"item\":\"https:\/\/galerijatrebnje.si\/en\/exhibitions-and-events\/\"},{\"@type\":\"ListItem\",\"position\":3,\"name\":\"Permanent exhibition\"}]},{\"@type\":\"WebSite\",\"@id\":\"https:\/\/galerijatrebnje.si\/#website\",\"url\":\"https:\/\/galerijatrebnje.si\/\",\"name\":\"Galerija likovnih samorastnikov Trebnje\",\"description\":\"\",\"potentialAction\":[{\"@type\":\"SearchAction\",\"target\":{\"@type\":\"EntryPoint\",\"urlTemplate\":\"https:\/\/galerijatrebnje.si\/?s={search_term_string}\"},\"query-input\":{\"@type\":\"PropertyValueSpecification\",\"valueRequired\":true,\"valueName\":\"search_term_string\"}}],\"inLanguage\":\"en-US\"}]}<\/script>\n<!-- \/ Yoast SEO plugin. -->","yoast_head_json":{"title":"Permanent exhibition - Galerija likovnih samorastnikov Trebnje","robots":{"index":"index","follow":"follow","max-snippet":"max-snippet:-1","max-image-preview":"max-image-preview:large","max-video-preview":"max-video-preview:-1"},"canonical":"https:\/\/galerijatrebnje.si\/en\/exhibitions-and-events\/permanent-exhibition\/","og_locale":"en_US","og_type":"article","og_title":"Permanent exhibition - Galerija likovnih samorastnikov Trebnje","og_description":"The Trebnje Gallery of Self-Reliant Artists is the largest and only gallery in Slovenia that systematically collects, studies and exhibits the works of naive or self-reliant artists. It offers a unique collection of art works that have been created in parallel and in the shadow of &#8220;official&#8221; art production from the 1950s to the present","og_url":"https:\/\/galerijatrebnje.si\/en\/exhibitions-and-events\/permanent-exhibition\/","og_site_name":"Galerija likovnih samorastnikov Trebnje","article_modified_time":"2024-11-26T11:07:27+00:00","og_image":[{"width":1920,"height":1280,"url":"https:\/\/galerijatrebnje.si\/wp-content\/uploads\/2017\/10\/IMG_4151-scaled.jpg","type":"image\/jpeg"}],"twitter_card":"summary_large_image","twitter_misc":{"Est. reading time":"3 minutes"},"schema":{"@context":"https:\/\/schema.org","@graph":[{"@type":"WebPage","@id":"https:\/\/galerijatrebnje.si\/en\/exhibitions-and-events\/permanent-exhibition\/","url":"https:\/\/galerijatrebnje.si\/en\/exhibitions-and-events\/permanent-exhibition\/","name":"Permanent exhibition - Galerija likovnih samorastnikov Trebnje","isPartOf":{"@id":"https:\/\/galerijatrebnje.si\/#website"},"primaryImageOfPage":{"@id":"https:\/\/galerijatrebnje.si\/en\/exhibitions-and-events\/permanent-exhibition\/#primaryimage"},"image":{"@id":"https:\/\/galerijatrebnje.si\/en\/exhibitions-and-events\/permanent-exhibition\/#primaryimage"},"thumbnailUrl":"https:\/\/galerijatrebnje.si\/wp-content\/uploads\/2017\/10\/IMG_4151-scaled.jpg","datePublished":"2018-02-15T15:54:17+00:00","dateModified":"2024-11-26T11:07:27+00:00","breadcrumb":{"@id":"https:\/\/galerijatrebnje.si\/en\/exhibitions-and-events\/permanent-exhibition\/#breadcrumb"},"inLanguage":"en-US","potentialAction":[{"@type":"ReadAction","target":["https:\/\/galerijatrebnje.si\/en\/exhibitions-and-events\/permanent-exhibition\/"]}]},{"@type":"ImageObject","inLanguage":"en-US","@id":"https:\/\/galerijatrebnje.si\/en\/exhibitions-and-events\/permanent-exhibition\/#primaryimage","url":"https:\/\/galerijatrebnje.si\/wp-content\/uploads\/2017\/10\/IMG_4151-scaled.jpg","contentUrl":"https:\/\/galerijatrebnje.si\/wp-content\/uploads\/2017\/10\/IMG_4151-scaled.jpg"},{"@type":"BreadcrumbList","@id":"https:\/\/galerijatrebnje.si\/en\/exhibitions-and-events\/permanent-exhibition\/#breadcrumb","itemListElement":[{"@type":"ListItem","position":1,"name":"Home","item":"https:\/\/galerijatrebnje.si\/en\/"},{"@type":"ListItem","position":2,"name":"Exhibitions and events","item":"https:\/\/galerijatrebnje.si\/en\/exhibitions-and-events\/"},{"@type":"ListItem","position":3,"name":"Permanent exhibition"}]},{"@type":"WebSite","@id":"https:\/\/galerijatrebnje.si\/#website","url":"https:\/\/galerijatrebnje.si\/","name":"Galerija likovnih samorastnikov Trebnje","description":"","potentialAction":[{"@type":"SearchAction","target":{"@type":"EntryPoint","urlTemplate":"https:\/\/galerijatrebnje.si\/?s={search_term_string}"},"query-input":{"@type":"PropertyValueSpecification","valueRequired":true,"valueName":"search_term_string"}}],"inLanguage":"en-US"}]}},"_links":{"self":[{"href":"https:\/\/galerijatrebnje.si\/en\/wp-json\/wp\/v2\/pages\/5706"}],"collection":[{"href":"https:\/\/galerijatrebnje.si\/en\/wp-json\/wp\/v2\/pages"}],"about":[{"href":"https:\/\/galerijatrebnje.si\/en\/wp-json\/wp\/v2\/types\/page"}],"author":[{"embeddable":true,"href":"https:\/\/galerijatrebnje.si\/en\/wp-json\/wp\/v2\/users\/1"}],"replies":[{"embeddable":true,"href":"https:\/\/galerijatrebnje.si\/en\/wp-json\/wp\/v2\/comments?post=5706"}],"version-history":[{"count":5,"href":"https:\/\/galerijatrebnje.si\/en\/wp-json\/wp\/v2\/pages\/5706\/revisions"}],"predecessor-version":[{"id":13963,"href":"https:\/\/galerijatrebnje.si\/en\/wp-json\/wp\/v2\/pages\/5706\/revisions\/13963"}],"up":[{"embeddable":true,"href":"https:\/\/galerijatrebnje.si\/en\/wp-json\/wp\/v2\/pages\/5698"}],"wp:attachment":[{"href":"https:\/\/galerijatrebnje.si\/en\/wp-json\/wp\/v2\/media?parent=5706"}],"curies":[{"name":"wp","href":"https:\/\/api.w.org\/{rel}","templated":true}]}}